{"id":849,"date":"2016-07-10T00:49:49","date_gmt":"2016-07-09T22:49:49","guid":{"rendered":"http:\/\/engie.cofely.waw.pl\/?page_id=849"},"modified":"2020-12-15T15:52:15","modified_gmt":"2020-12-15T14:52:15","slug":"mainpage","status":"publish","type":"page","link":"https:\/\/engie-polska.pl\/en\/","title":{"rendered":"HOME"},"content":{"rendered":"<p><\/p>\n<div class=\"content-box--border-top-first-colunm flux--fuchsia\"><\/div>\n<div class=\"row-fluid\" style=\"background-color: #0af; margin-bottom: 20px;\">\n<div class=\"span14\" style=\"text-align: justify; color: white; padding: 20px;\"><strong><span style=\"font-size: 12pt;\">We are a global energy and services group, focused on three core activities : low-carbon power generation, mainly based on natural gas and renewable energy; global networks and customer solutions. Driven by our ambition to contribute to a harmonious progress, we take up major global challenges such as the fight against global warming, access to energy to ail, or mobility, and offer our residential customers, businesses and communities energy production solutions and services that reconcile individual and collective interests.<\/span><\/strong><\/div>\n<\/div>\n<p>&nbsp;<\/p>\n<div class=\"row-fluid\">\n<div class=\"span4\">\n<p><!--Box LINKI--><\/p>\n<div class=\"page--media\">\n<div class=\"content-box--border-top-first-colunm flux--fuchsia\"><\/div>\n<!-- Widget Shortcode --><div id=\"text-12\" class=\"widget widget_text widget-shortcode area-arbitrary \"><h2 class=\"widgettitle\">SOLUTIONS<\/h2>\t\t\t<div class=\"textwidget\"><!-- Widget Shortcode --><div id=\"nav_menu-9\" class=\"widget widget_nav_menu widget-shortcode area-arbitrary \"><div class=\"menu-linki_na_centrakompetencji-container\"><ul id=\"menu-linki_na_centrakompetencji-1\" class=\"menu\"><li class=\"menu-item menu-item-type-post_type menu-item-object-page menu-item-1774\"><a href=\"https:\/\/engie-polska.pl\/en\/engie-dla-mieszkancow-2\/\">ENGIE for residents<\/a><\/li>\n<li class=\"menu-item menu-item-type-post_type menu-item-object-page menu-item-1775\"><a href=\"https:\/\/engie-polska.pl\/en\/engie-dla-biznesu-2\/\">ENGIE for business<\/a><\/li>\n<li class=\"menu-item menu-item-type-post_type menu-item-object-page menu-item-1773\"><a href=\"https:\/\/engie-polska.pl\/en\/engie-dla-samorzadu-ppp\/\">ENGIE for the local government | PPP<\/a><\/li>\n<\/ul><\/div><\/div><!-- \/Widget Shortcode --><\/div>\n\t\t<\/div><!-- \/Widget Shortcode -->\n<\/div>\n<p><!--Box BLUE--><\/p>\n<div class=\"content-box--background--blue\"><!-- Widget Shortcode --><div id=\"text-16\" class=\"widget widget_text widget-shortcode area-arbitrary \">\t\t\t<div class=\"textwidget\"><a style=\"text-decoration: none !important;\" href=\"\/o-nas\"><p><\/p>\r\n<p class=\"content-box--text--white\" style=\"font-size: 22px; font-weight: 200; margin-top: 20px; line-height: 32px; text-align: initial;padding: 10px;\">\r\n<\/p><p class=\"content-box--text--white\" style=\"font-size: 22px; font-weight: 200; margin-top: 10px; line-height: 32px; text-align: initial;\">\r\nThe technological revolution, the challenges of the modern world and concern for the natural environment lead to a change in the way of thinking about energy. See how we understand modern energy. &gt;&gt;\r\n<\/p>\r\n<p>&nbsp;\r\n<\/p>\r\n<\/a><\/div>\n\t\t<\/div><!-- \/Widget Shortcode --><\/div>\n<p><!--Box Rozwi\u0105zania--><\/p>\n<div class=\"page--media\">\n<div class=\"content-box--border-top flux--fuchsia\"><\/div>\n<!-- Widget Shortcode --><div id=\"text-17\" class=\"widget widget_text widget-shortcode area-arbitrary \"><h2 class=\"widgettitle\">COMPETENCE CENTERS<\/h2>\t\t\t<div class=\"textwidget\"><!-- Widget Shortcode --><div id=\"nav_menu-8\" class=\"widget widget_nav_menu widget-shortcode area-arbitrary \"><div class=\"menu-linki_na_start-container\"><ul id=\"menu-linki_na_start-1\" class=\"menu\"><li class=\"menu-item menu-item-type-custom menu-item-object-custom menu-item-1216\"><a href=\"https:\/\/engie-services.pl\/\">Facility Management<\/a><\/li>\n<li class=\"menu-item menu-item-type-custom menu-item-object-custom menu-item-2297\"><a href=\"http:\/\/sar.sarserwis.pl\/\">Hospital installations and data center<\/a><\/li>\n<li class=\"menu-item menu-item-type-custom menu-item-object-custom menu-item-1217\"><a href=\"http:\/\/www.engie-elektromontaz.pl\/\">Electrical Installations<\/a><\/li>\n<li class=\"menu-item menu-item-type-custom menu-item-object-custom menu-item-1218\"><a href=\"http:\/\/engie-instalacje.pl\/\">Mechanical installations<\/a><\/li>\n<li class=\"menu-item menu-item-type-custom menu-item-object-custom menu-item-1219\"><a href=\"http:\/\/www.ecslupsk.pl\/\">Heat supply<\/a><\/li>\n<li class=\"menu-item menu-item-type-custom menu-item-object-custom menu-item-1220\"><a href=\"https:\/\/www.engie-zielonaenergia.pl\">Green Energy<\/a><\/li>\n<li class=\"menu-item menu-item-type-custom menu-item-object-custom menu-item-1221\"><a href=\"http:\/\/engie-ecserwis.pl\/\">Comprehensive services<\/a><\/li>\n<\/ul><\/div><\/div><!-- \/Widget Shortcode --><\/div>\n\t\t<\/div><!-- \/Widget Shortcode -->\n<\/div>\n<\/div>\n<div class=\"span4\">\n<div class=\"page--media\">\n<div class=\"content-box--border-top flux--blue\"><\/div>\n<!-- Widget Shortcode --><div id=\"text-10\" class=\"widget widget_text widget-shortcode area-arbitrary \"><h2 class=\"widgettitle\">NEWS<\/h2>\t\t\t<div class=\"textwidget\"><article id=\"post-2982\" class=\"post-2982 post type-post status-publish format-standard hentry category-aktualnosci\"> \t\t\r\n             \t\t\r\n                \t<header class=\"entry-header\"> \t\t\t\r\n                \t\t \t\t\r\n                \t<\/header><!-- .entry-header --> \t \t\t\r\n                \t<div class=\"media\">\r\n                 <div class=\"media__image event-date\">\r\n                     <div class=\"event-date__day\">24<\/div>\r\n                     <div class=\"event-date__month\">Apr<\/div>\r\n                     <div class=\"event-date__year\">2026<\/div>\r\n                 <\/div><!-- \/event-date -->\r\n                 <div class=\"media__body event-teaser\">\r\n                     <div class=\"delta\">\r\n                         <span class=\"entry-title\">(Polski) ENGIE nabywa farm\u0119 wiatrow\u0105 Kamionka o mocy 30 MW i przyspiesza rozw\u00f3j portfela OZE w Polsce<\/span>                     <\/div>\r\n      \r\n                         <a href=\"https:\/\/engie-polska.pl\/en\/2026\/04\/24\/engie-nabywa-farme-wiatrowa-kamionka-o-mocy-30-mw-i-przyspiesza-rozwoj-portfela-oze-w-polsce\/\" rel=\"bookmark\" title=\"(Polski) ENGIE nabywa farm\u0119 wiatrow\u0105 Kamionka o mocy 30 MW i przyspiesza rozw\u00f3j portfela OZE w Polsce\">\r\n                           <script>\r\n  if (window.location.href.indexOf(\"\/en\/\") > -1) {\r\n          document.write('read more');\r\n  }else{\r\n          document.write('czytaj wi\u0119cej');\r\n  }\r\n  <\/script>\r\n                             <\/a>\r\n      \r\n                 <\/div><!-- \/event-teaser -->\r\n             <\/div><!-- .entry-content --> \t \r\n                \t<footer class=\"entry-footer\"> \t\t\t\r\n   \r\n                \t<\/footer><!-- .entry-footer --> \t \t\r\n                <\/article><!-- #post-## --><article id=\"post-2977\" class=\"post-2977 post type-post status-publish format-standard hentry category-aktualnosci\"> \t\t\r\n             \t\t\r\n                \t<header class=\"entry-header\"> \t\t\t\r\n                \t\t \t\t\r\n                \t<\/header><!-- .entry-header --> \t \t\t\r\n                \t<div class=\"media\">\r\n                 <div class=\"media__image event-date\">\r\n                     <div class=\"event-date__day\">22<\/div>\r\n                     <div class=\"event-date__month\">Apr<\/div>\r\n                     <div class=\"event-date__year\">2026<\/div>\r\n                 <\/div><!-- \/event-date -->\r\n                 <div class=\"media__body event-teaser\">\r\n                     <div class=\"delta\">\r\n                         <span class=\"entry-title\">(Polski) ENGIE rozszerza dzia\u0142alno\u015b\u0107 w Polsce  o elektrociep\u0142owni\u0119 w Miliczu<\/span>                     <\/div>\r\n      \r\n                         <a href=\"https:\/\/engie-polska.pl\/en\/2026\/04\/22\/engie-rozszerza-dzialalnosc-w-polsce-o-elektrocieplownie-w-miliczu\/\" rel=\"bookmark\" title=\"(Polski) ENGIE rozszerza dzia\u0142alno\u015b\u0107 w Polsce  o elektrociep\u0142owni\u0119 w Miliczu\">\r\n                           <script>\r\n  if (window.location.href.indexOf(\"\/en\/\") > -1) {\r\n          document.write('read more');\r\n  }else{\r\n          document.write('czytaj wi\u0119cej');\r\n  }\r\n  <\/script>\r\n                             <\/a>\r\n      \r\n                 <\/div><!-- \/event-teaser -->\r\n             <\/div><!-- .entry-content --> \t \r\n                \t<footer class=\"entry-footer\"> \t\t\t\r\n   \r\n                \t<\/footer><!-- .entry-footer --> \t \t\r\n                <\/article><!-- #post-## --><article id=\"post-2971\" class=\"post-2971 post type-post status-publish format-standard hentry category-aktualnosci\"> \t\t\r\n             \t\t\r\n                \t<header class=\"entry-header\"> \t\t\t\r\n                \t\t \t\t\r\n                \t<\/header><!-- .entry-header --> \t \t\t\r\n                \t<div class=\"media\">\r\n                 <div class=\"media__image event-date\">\r\n                     <div class=\"event-date__day\">15<\/div>\r\n                     <div class=\"event-date__month\">Apr<\/div>\r\n                     <div class=\"event-date__year\">2026<\/div>\r\n                 <\/div><!-- \/event-date -->\r\n                 <div class=\"media__body event-teaser\">\r\n                     <div class=\"delta\">\r\n                         <span class=\"entry-title\">(Polski) Nowy model wsp\u00f3\u0142pracy od ENGIE Services wspiera dekarbonizacj\u0119 ciep\u0142ownictwa bez obci\u0105\u017cenia bud\u017cet\u00f3w samorz\u0105dowych<\/span>                     <\/div>\r\n      \r\n                         <a href=\"https:\/\/engie-polska.pl\/en\/2026\/04\/15\/nowy-model-wspolpracy-od-engie-services-wspiera-dekarbonizacje-cieplownictwa-bez-obciazenia-budzetow-samorzadowych\/\" rel=\"bookmark\" title=\"(Polski) Nowy model wsp\u00f3\u0142pracy od ENGIE Services wspiera dekarbonizacj\u0119 ciep\u0142ownictwa bez obci\u0105\u017cenia bud\u017cet\u00f3w samorz\u0105dowych\">\r\n                           <script>\r\n  if (window.location.href.indexOf(\"\/en\/\") > -1) {\r\n          document.write('read more');\r\n  }else{\r\n          document.write('czytaj wi\u0119cej');\r\n  }\r\n  <\/script>\r\n                             <\/a>\r\n      \r\n                 <\/div><!-- \/event-teaser -->\r\n             <\/div><!-- .entry-content --> \t \r\n                \t<footer class=\"entry-footer\"> \t\t\t\r\n   \r\n                \t<\/footer><!-- .entry-footer --> \t \t\r\n                <\/article><!-- #post-## --><article id=\"post-2965\" class=\"post-2965 post type-post status-publish format-standard hentry category-aktualnosci\"> \t\t\r\n             \t\t\r\n                \t<header class=\"entry-header\"> \t\t\t\r\n                \t\t \t\t\r\n                \t<\/header><!-- .entry-header --> \t \t\t\r\n                \t<div class=\"media\">\r\n                 <div class=\"media__image event-date\">\r\n                     <div class=\"event-date__day\">4<\/div>\r\n                     <div class=\"event-date__month\">Mar<\/div>\r\n                     <div class=\"event-date__year\">2026<\/div>\r\n                 <\/div><!-- \/event-date -->\r\n                 <div class=\"media__body event-teaser\">\r\n                     <div class=\"delta\">\r\n                         <span class=\"entry-title\">(Polski) Rok 2025 w ENGIE Polska pod znakiem zielonej energii i dekarbonizacji<\/span>                     <\/div>\r\n      \r\n                         <a href=\"https:\/\/engie-polska.pl\/en\/2026\/03\/04\/rok-2025-w-engie-polska-pod-znakiem-zielonej-energii-i-dekarbonizacji\/\" rel=\"bookmark\" title=\"(Polski) Rok 2025 w ENGIE Polska pod znakiem zielonej energii i dekarbonizacji\">\r\n                           <script>\r\n  if (window.location.href.indexOf(\"\/en\/\") > -1) {\r\n          document.write('read more');\r\n  }else{\r\n          document.write('czytaj wi\u0119cej');\r\n  }\r\n  <\/script>\r\n                             <\/a>\r\n      \r\n                 <\/div><!-- \/event-teaser -->\r\n             <\/div><!-- .entry-content --> \t \r\n                \t<footer class=\"entry-footer\"> \t\t\t\r\n   \r\n                \t<\/footer><!-- .entry-footer --> \t \t\r\n                <\/article><!-- #post-## --><article id=\"post-2951\" class=\"post-2951 post type-post status-publish format-standard hentry category-aktualnosci\"> \t\t\r\n             \t\t\r\n                \t<header class=\"entry-header\"> \t\t\t\r\n                \t\t \t\t\r\n                \t<\/header><!-- .entry-header --> \t \t\t\r\n                \t<div class=\"media\">\r\n                 <div class=\"media__image event-date\">\r\n                     <div class=\"event-date__day\">10<\/div>\r\n                     <div class=\"event-date__month\">Dec<\/div>\r\n                     <div class=\"event-date__year\">2025<\/div>\r\n                 <\/div><!-- \/event-date -->\r\n                 <div class=\"media__body event-teaser\">\r\n                     <div class=\"delta\">\r\n                         <span class=\"entry-title\">(Polski) Prologis i ENGIE z umow\u0105 PPA na dostawy energii wiatrowej<\/span>                     <\/div>\r\n      \r\n                         <a href=\"https:\/\/engie-polska.pl\/en\/2025\/12\/10\/prologis-i-engie-z-umowa-ppa-na-dostawy-energii-wiatrowej\/\" rel=\"bookmark\" title=\"(Polski) Prologis i ENGIE z umow\u0105 PPA na dostawy energii wiatrowej\">\r\n                           <script>\r\n  if (window.location.href.indexOf(\"\/en\/\") > -1) {\r\n          document.write('read more');\r\n  }else{\r\n          document.write('czytaj wi\u0119cej');\r\n  }\r\n  <\/script>\r\n                             <\/a>\r\n      \r\n                 <\/div><!-- \/event-teaser -->\r\n             <\/div><!-- .entry-content --> \t \r\n                \t<footer class=\"entry-footer\"> \t\t\t\r\n   \r\n                \t<\/footer><!-- .entry-footer --> \t \t\r\n                <\/article><!-- #post-## -->\r\n<\/div>\n\t\t<\/div><!-- \/Widget Shortcode -->\n<\/div>\n<p>&nbsp;<\/p>\n<p><!--Box Kontakty--><\/p>\n<div class=\"page--media\">\n<div class=\"content-box--border-top flux--blue\"><\/div>\n<!-- Widget Shortcode --><div id=\"text-11\" class=\"widget widget_text widget-shortcode area-arbitrary \"><h2 class=\"widgettitle\">CONTACT<\/h2>\t\t\t<div class=\"textwidget\">Our locations<\/br><\/br><a href=\"\/kontakt\"><img  class=\"mapcontact\" src=\"\/wp-content\/uploads\/2016\/07\/mapa_niebieska1.png\" title=\"Our locations\" border=0><\/a><\/div>\n\t\t<\/div><!-- \/Widget Shortcode -->\n<\/div>\n<\/div>\n<div class=\"span4\">\n<p><!--Box Film--><\/p>\n<div class=\"page--media\">\n<div class=\"content-box--border-top-first-colunm flux--navy\"><\/div>\n<!-- Widget Shortcode --><div id=\"text-6\" class=\"widget widget_text widget-shortcode area-arbitrary \"><h2 class=\"widgettitle\">ENGIE MISSION<\/h2>\t\t\t<div class=\"textwidget\"><div style=\"width: 370px;\" class=\"wp-video\"><video class=\"wp-video-shortcode\" id=\"video-0-2\" preload=\"metadata\" controls=\"controls\"><source type=\"video\/mp4\" src=\"\/wp-content\/uploads\/2018\/04\/Harmony_Project.mp4?_=2\" \/><a href=\"\/wp-content\/uploads\/2018\/04\/Harmony_Project.mp4\">\/wp-content\/uploads\/2018\/04\/Harmony_Project.mp4<\/a><\/video><\/div><\/div>\n\t\t<\/div><!-- \/Widget Shortcode -->\n<\/div>\n<p><!--Box Kariera--><\/p>\n<div class=\"content-box--border-top flux--navy\"><\/div>\n<div class=\"content-box--background--navy\">\n<h2 class=\"content-box--text--white\">CAREER<\/h2>\n<p class=\"content-box--text--white\"><a href=\"\/kariera\"><img loading=\"lazy\" class=\"pull-right size-full wp-image-876\" src=\"\/wp-content\/uploads\/2016\/07\/kariera-w-ENGIE.jpg\" class=\"grouped_elements\" rel=\"tc-fancybox-group849\" alt=\"Kariera w ENGIE\" width=\"320\" height=\"178\" \/><\/a><br \/>\nInformation on careers in ENGIE\u00a0and current job offers can be found <a style=\"text-decoration: none !important; color: white !important;\" href=\"\/kariera\">here &gt;&gt;<\/a><\/p>\n<p>&nbsp;<\/p>\n<\/div>\n<p>&nbsp;<\/p>\n<\/div>\n<\/div>\n<p><\/p>","protected":false},"excerpt":{"rendered":"<p>We are a global energy and services group, focused on three core activities : low-carbon power generation, mainly based on natural gas and renewable energy; global networks and customer solutions. Driven by our ambition to contribute to a harmonious progress, we take up major global challenges such as the fight against global warming, access to [&hellip;]<\/p>\n","protected":false},"author":1,"featured_media":0,"parent":0,"menu_order":0,"comment_status":"closed","ping_status":"closed","template":"","meta":[],"yoast_head":"<!-- This site is optimized with the Yoast SEO plugin v19.6.1 - https:\/\/yoast.com\/wordpress\/plugins\/seo\/ -->\n<title>HOME - ENGIE Polska<\/title>\n<meta name=\"robots\" content=\"index, follow, max-snippet:-1, max-image-preview:large, max-video-preview:-1\" \/>\n<link rel=\"canonical\" href=\"https:\/\/engie-polska.pl\/\" \/>\n<meta property=\"og:locale\" content=\"en_US\" \/>\n<meta property=\"og:type\" content=\"article\" \/>\n<meta property=\"og:title\" content=\"HOME - ENGIE Polska\" \/>\n<meta property=\"og:description\" content=\"We are a global energy and services group, focused on three core activities : low-carbon power generation, mainly based on natural gas and renewable energy; global networks and customer solutions. Driven by our ambition to contribute to a harmonious progress, we take up major global challenges such as the fight against global warming, access to [&hellip;]\" \/>\n<meta property=\"og:url\" content=\"https:\/\/engie-polska.pl\/\" \/>\n<meta property=\"og:site_name\" content=\"ENGIE Polska\" \/>\n<meta property=\"article:modified_time\" content=\"2020-12-15T14:52:15+00:00\" \/>\n<meta property=\"og:image\" content=\"https:\/\/engie-polska.pl\/wp-content\/uploads\/2016\/07\/kariera-w-ENGIE.jpg\" \/>\n<meta name=\"twitter:card\" content=\"summary\" \/>\n<meta name=\"twitter:label1\" content=\"Est. reading time\" \/>\n\t<meta name=\"twitter:data1\" content=\"1 minute\" \/>\n<script type=\"application\/ld+json\" class=\"yoast-schema-graph\">{\"@context\":\"https:\/\/schema.org\",\"@graph\":[{\"@type\":\"WebPage\",\"@id\":\"https:\/\/engie-polska.pl\/\",\"url\":\"https:\/\/engie-polska.pl\/\",\"name\":\"HOME - ENGIE Polska\",\"isPartOf\":{\"@id\":\"https:\/\/engie-polska.pl\/#website\"},\"datePublished\":\"2016-07-09T22:49:49+00:00\",\"dateModified\":\"2020-12-15T14:52:15+00:00\",\"breadcrumb\":{\"@id\":\"https:\/\/engie-polska.pl\/#breadcrumb\"},\"inLanguage\":\"en-US\",\"potentialAction\":[{\"@type\":\"ReadAction\",\"target\":[\"https:\/\/engie-polska.pl\/\"]}]},{\"@type\":\"BreadcrumbList\",\"@id\":\"https:\/\/engie-polska.pl\/#breadcrumb\",\"itemListElement\":[{\"@type\":\"ListItem\",\"position\":1,\"name\":\"Strona g\u0142\u00f3wna\",\"item\":\"https:\/\/engie-polska.pl\/\"},{\"@type\":\"ListItem\",\"position\":2,\"name\":\"STRONA STARTOWA\"}]},{\"@type\":\"WebSite\",\"@id\":\"https:\/\/engie-polska.pl\/#website\",\"url\":\"https:\/\/engie-polska.pl\/\",\"name\":\"ENGIE Polska\",\"description\":\"ENGIE combines expertise in the field of energy efficiency, technical maintenance of facilities, design and construction and the production, transmission of energy and renewable energy.\",\"potentialAction\":[{\"@type\":\"SearchAction\",\"target\":{\"@type\":\"EntryPoint\",\"urlTemplate\":\"https:\/\/engie-polska.pl\/?s={search_term_string}\"},\"query-input\":\"required name=search_term_string\"}],\"inLanguage\":\"en-US\"}]}<\/script>\n<!-- \/ Yoast SEO plugin. -->","yoast_head_json":{"title":"HOME - ENGIE Polska","robots":{"index":"index","follow":"follow","max-snippet":"max-snippet:-1","max-image-preview":"max-image-preview:large","max-video-preview":"max-video-preview:-1"},"canonical":"https:\/\/engie-polska.pl\/","og_locale":"en_US","og_type":"article","og_title":"HOME - ENGIE Polska","og_description":"We are a global energy and services group, focused on three core activities : low-carbon power generation, mainly based on natural gas and renewable energy; global networks and customer solutions. Driven by our ambition to contribute to a harmonious progress, we take up major global challenges such as the fight against global warming, access to [&hellip;]","og_url":"https:\/\/engie-polska.pl\/","og_site_name":"ENGIE Polska","article_modified_time":"2020-12-15T14:52:15+00:00","og_image":[{"url":"https:\/\/engie-polska.pl\/wp-content\/uploads\/2016\/07\/kariera-w-ENGIE.jpg"}],"twitter_card":"summary","twitter_misc":{"Est. reading time":"1 minute"},"schema":{"@context":"https:\/\/schema.org","@graph":[{"@type":"WebPage","@id":"https:\/\/engie-polska.pl\/","url":"https:\/\/engie-polska.pl\/","name":"HOME - ENGIE Polska","isPartOf":{"@id":"https:\/\/engie-polska.pl\/#website"},"datePublished":"2016-07-09T22:49:49+00:00","dateModified":"2020-12-15T14:52:15+00:00","breadcrumb":{"@id":"https:\/\/engie-polska.pl\/#breadcrumb"},"inLanguage":"en-US","potentialAction":[{"@type":"ReadAction","target":["https:\/\/engie-polska.pl\/"]}]},{"@type":"BreadcrumbList","@id":"https:\/\/engie-polska.pl\/#breadcrumb","itemListElement":[{"@type":"ListItem","position":1,"name":"Strona g\u0142\u00f3wna","item":"https:\/\/engie-polska.pl\/"},{"@type":"ListItem","position":2,"name":"STRONA STARTOWA"}]},{"@type":"WebSite","@id":"https:\/\/engie-polska.pl\/#website","url":"https:\/\/engie-polska.pl\/","name":"ENGIE Polska","description":"ENGIE combines expertise in the field of energy efficiency, technical maintenance of facilities, design and construction and the production, transmission of energy and renewable energy.","potentialAction":[{"@type":"SearchAction","target":{"@type":"EntryPoint","urlTemplate":"https:\/\/engie-polska.pl\/?s={search_term_string}"},"query-input":"required name=search_term_string"}],"inLanguage":"en-US"}]}},"_links":{"self":[{"href":"https:\/\/engie-polska.pl\/en\/wp-json\/wp\/v2\/pages\/849"}],"collection":[{"href":"https:\/\/engie-polska.pl\/en\/wp-json\/wp\/v2\/pages"}],"about":[{"href":"https:\/\/engie-polska.pl\/en\/wp-json\/wp\/v2\/types\/page"}],"author":[{"embeddable":true,"href":"https:\/\/engie-polska.pl\/en\/wp-json\/wp\/v2\/users\/1"}],"replies":[{"embeddable":true,"href":"https:\/\/engie-polska.pl\/en\/wp-json\/wp\/v2\/comments?post=849"}],"version-history":[{"count":11,"href":"https:\/\/engie-polska.pl\/en\/wp-json\/wp\/v2\/pages\/849\/revisions"}],"predecessor-version":[{"id":2439,"href":"https:\/\/engie-polska.pl\/en\/wp-json\/wp\/v2\/pages\/849\/revisions\/2439"}],"wp:attachment":[{"href":"https:\/\/engie-polska.pl\/en\/wp-json\/wp\/v2\/media?parent=849"}],"curies":[{"name":"wp","href":"https:\/\/api.w.org\/{rel}","templated":true}]}}