{"id":60,"date":"2016-02-08T13:42:43","date_gmt":"2016-02-08T12:42:43","guid":{"rendered":"http:\/\/cofely.waw.pl\/?page_id=60"},"modified":"2026-04-02T13:57:01","modified_gmt":"2026-04-02T11:57:01","slug":"oferty-pracy","status":"publish","type":"page","link":"https:\/\/engie-polska.pl\/en\/oferty-pracy\/","title":{"rendered":"Job offer"},"content":{"rendered":"<p><\/p>\n<p style=\"text-align: left;\">In ENGIE Services we are currently recruiting for the positions: <a href=\"https:\/\/engie-services.pl\/#kariera\" target=\"_blank\" rel=\"noopener noreferrer\">Zobacz wszystkie<\/a><\/p>\n<p>In ENGIE EC serwis we are currently recruiting for the positions: <a href=\"https:\/\/engie-ecserwis.pl\/p\/kariera\">https:\/\/engie-ecserwis.pl\/p\/kariera<\/a><\/p>\n<p>In ENGIE Elektromonta\u017c, we are currently recruiting for the positions: <a href=\"http:\/\/engie-elektromontaz.pl\/oferty-pracy\/\">http:\/\/engie-elektromontaz.pl\/oferty-pracy\/<\/a>:<\/p>\n<p><strong><span style=\"color: #00aaff;\">Electrical works manager<\/span><\/strong><br \/>\nPlace of work: \u015al\u0105skie or Ma\u0142opolskie or Kujawsko-Pomorskie or Wielkopolskie Voivodships<\/p>\n<p>Responsibilities:<\/p>\n<ul>\n<li>Supervision over the implementation of electrical installation works in accordance with the schedule, contract requirements, technical documentation and applicable law,<\/li>\n<li>planning and organization of works at the construction site,<\/li>\n<li>supervising the work of employees and subcontractors and compliance with health and safety rules,<\/li>\n<li>analysis and optimization of technical documentation,<\/li>\n<li>accounting for completed works,<\/li>\n<li>reporting progress of works<\/li>\n<\/ul>\n<p>Requirements:<\/p>\n<ul>\n<li>higher education with an electric profile<\/li>\n<li>qualifications to manage construction works in the installation specialty in the field of electrical and power networks, installations and equipment<\/li>\n<li>professional experience in the installation industry<\/li>\n<\/ul>\n<p>We offer:<\/p>\n<ul>\n<li>opportunity for professional development and promotion,<\/li>\n<li>employment contract or B2B,<\/li>\n<li>company car and necessary work tools,<\/li>\n<li>additional social benefits,<\/li>\n<li>multisport card,<\/li>\n<li>medical care,<\/li>\n<li>work in a stable company with a strong, established position on the market,<\/li>\n<li>attractive salary conditions<\/li>\n<\/ul>\n<p><span style=\"color: #00aaff;\"><strong>Contract Director<\/strong><\/span><\/p>\n<p>Place of work: Silesian or Lesser Poland or Kuyavian-Pomeranian or Greater Poland<\/p>\n<p>Responsibilities:<\/p>\n<ul>\n<li>contract management from the acquisition phase to their implementation,<\/li>\n<li>monitoring of the electrical installation market,<\/li>\n<li>participation in the process of preparing offers and technical and commercial negotiations,<\/li>\n<li>organization and management of contract implementation processes,<\/li>\n<li>correctness check and optimization of technical solutions,<\/li>\n<li>organization of supplies of materials, devices, equipment and subcontractors,<\/li>\n<li>supervision over the organization of work of employees and subcontractors at construction sites,<\/li>\n<li>control and reporting of financial results of contracts, compliance with budgets, schedule and contract requirements,<\/li>\n<li>taking care of the company&#8217;s image and building relationships with clients.<\/li>\n<\/ul>\n<p>Requirements:<\/p>\n<ul>\n<li>higher education &#8211; in\u017c. electrician, automatic or related,<\/li>\n<li>industry experience in a similar position,<\/li>\n<li>knowledge of the electrical installation market.<\/li>\n<\/ul>\n<p>We offer:<\/p>\n<ul>\n<li>opportunity for professional development and promotion,<\/li>\n<li>employment contract,<\/li>\n<li>company car and necessary work tools,<\/li>\n<li>additional social benefits,<\/li>\n<li>multisport card,<\/li>\n<li>medical care,<\/li>\n<li>work in a stable company with a strong, established position on the market,<\/li>\n<li>attractive salary conditions<\/li>\n<\/ul>\n<p>At ENGIE Z\u0142ot\u00f3w we are currently looking for:<\/p>\n<p><span style=\"color: #00aaff;\"><strong>Specialist of Heating networks in the Technical Department<\/strong><\/span><\/p>\n<p><strong>Main responsibilities:<\/strong><\/p>\n<p>Conducting all matters related to the preparation and implementation of investment, renovation, maintenance and operation tasks, as well as related to the maintenance of heating infrastructure building objects, including:<\/p>\n<ul>\n<li>Participation in the development of technical documentation (giving opinions, providing technical and assembly information).<\/li>\n<li>Preparation of comprehensive documentation for the award of the contract for the task.<\/li>\n<li>Participation in the work of tender committees.<\/li>\n<li>Preparation of implementation documents (including contracts with the contractor, applications to UM for the issue of the construction log, PINB applications),<\/li>\n<li>Investor supervision, coordination, acceptance and settlement of works.<\/li>\n<li>Monitoring of investment implementation conditions resulting from connection agreements.<\/li>\n<\/ul>\n<p><strong>Requirements:<\/strong><\/p>\n<ul>\n<li>higher technical education (energy, environmental engineering, heating),<\/li>\n<li>construction qualifications in the installation specialization in the field of networks, installations and heating, ventilation, gas, water supply and sewage systems to supervise and manage construction works related to the building structure<\/li>\n<li>computer skills, Microsoft Office (Word and Excel)<\/li>\n<li>knowledge of costing will be an advantage,<\/li>\n<li>ability to work in a team on joint projects,<\/li>\n<li>ability to plan and organize work,<\/li>\n<li>commitment, diligence,<\/li>\n<li>independence and initiative in action,<\/li>\n<li>Driving license. B,<\/li>\n<li>knowledge of English is welcome.<\/li>\n<\/ul>\n<p><strong>We offer:<\/strong><\/p>\n<ul>\n<li>employment contract and bonus system,<\/li>\n<li>opportunity for professional development, work in a stable environment,<\/li>\n<li>the opportunity to gain new qualifications,<\/li>\n<li>co-financing for group insurance and MULTISPORT card,<\/li>\n<li>company integrations, family atmosphere, work in a well-coordinated team.<\/li>\n<\/ul>\n<p>Persons interested in the offer for the position of: Specialist of the Heating networks, please send your CV to <a href=\"mailto:malgorzata.grzebel@engie.com\">malgorzata.grzebel@engie.com<\/a><\/p>\n<p>&nbsp;<\/p>\n<p>&nbsp;<\/p>\n<p style=\"text-align: center;\"><a href=\"https:\/\/engie-polska.pl\/en\/polityka-rekrutacji\/\" target=\"_blank\" rel=\"noopener noreferrer\">ENGIE recruitment policy<\/a><\/p>\n<p><\/p>","protected":false},"excerpt":{"rendered":"<p>In ENGIE Services we are currently recruiting for the positions: Zobacz wszystkie In ENGIE EC serwis we are currently recruiting for the positions: https:\/\/engie-ecserwis.pl\/p\/kariera In ENGIE Elektromonta\u017c, we are currently recruiting for the positions: http:\/\/engie-elektromontaz.pl\/oferty-pracy\/: Electrical works manager Place of work: \u015al\u0105skie or Ma\u0142opolskie or Kujawsko-Pomorskie or Wielkopolskie Voivodships Responsibilities: Supervision over the implementation of [&hellip;]<\/p>\n","protected":false},"author":1,"featured_media":0,"parent":0,"menu_order":0,"comment_status":"open","ping_status":"open","template":"","meta":[],"yoast_head":"<!-- This site is optimized with the Yoast SEO plugin v19.6.1 - https:\/\/yoast.com\/wordpress\/plugins\/seo\/ -->\n<title>Job offer - ENGIE Polska<\/title>\n<meta name=\"robots\" content=\"index, follow, max-snippet:-1, max-image-preview:large, max-video-preview:-1\" \/>\n<link rel=\"canonical\" href=\"https:\/\/engie-polska.pl\/oferty-pracy\/\" \/>\n<meta property=\"og:locale\" content=\"en_US\" \/>\n<meta property=\"og:type\" content=\"article\" \/>\n<meta property=\"og:title\" content=\"Job offer - ENGIE Polska\" \/>\n<meta property=\"og:description\" content=\"In ENGIE Services we are currently recruiting for the positions: Zobacz wszystkie In ENGIE EC serwis we are currently recruiting for the positions: https:\/\/engie-ecserwis.pl\/p\/kariera In ENGIE Elektromonta\u017c, we are currently recruiting for the positions: http:\/\/engie-elektromontaz.pl\/oferty-pracy\/: Electrical works manager Place of work: \u015al\u0105skie or Ma\u0142opolskie or Kujawsko-Pomorskie or Wielkopolskie Voivodships Responsibilities: Supervision over the implementation of [&hellip;]\" \/>\n<meta property=\"og:url\" content=\"https:\/\/engie-polska.pl\/oferty-pracy\/\" \/>\n<meta property=\"og:site_name\" content=\"ENGIE Polska\" \/>\n<meta property=\"article:modified_time\" content=\"2026-04-02T11:57:01+00:00\" \/>\n<meta name=\"twitter:card\" content=\"summary\" \/>\n<meta name=\"twitter:label1\" content=\"Est. reading time\" \/>\n\t<meta name=\"twitter:data1\" content=\"1 minute\" \/>\n<script type=\"application\/ld+json\" class=\"yoast-schema-graph\">{\"@context\":\"https:\/\/schema.org\",\"@graph\":[{\"@type\":\"WebPage\",\"@id\":\"https:\/\/engie-polska.pl\/oferty-pracy\/\",\"url\":\"https:\/\/engie-polska.pl\/oferty-pracy\/\",\"name\":\"Job offer - ENGIE Polska\",\"isPartOf\":{\"@id\":\"https:\/\/engie-polska.pl\/#website\"},\"datePublished\":\"2016-02-08T12:42:43+00:00\",\"dateModified\":\"2026-04-02T11:57:01+00:00\",\"breadcrumb\":{\"@id\":\"https:\/\/engie-polska.pl\/oferty-pracy\/#breadcrumb\"},\"inLanguage\":\"en-US\",\"potentialAction\":[{\"@type\":\"ReadAction\",\"target\":[\"https:\/\/engie-polska.pl\/oferty-pracy\/\"]}]},{\"@type\":\"BreadcrumbList\",\"@id\":\"https:\/\/engie-polska.pl\/oferty-pracy\/#breadcrumb\",\"itemListElement\":[{\"@type\":\"ListItem\",\"position\":1,\"name\":\"Strona g\u0142\u00f3wna\",\"item\":\"https:\/\/engie-polska.pl\/\"},{\"@type\":\"ListItem\",\"position\":2,\"name\":\"Oferty pracy\"}]},{\"@type\":\"WebSite\",\"@id\":\"https:\/\/engie-polska.pl\/#website\",\"url\":\"https:\/\/engie-polska.pl\/\",\"name\":\"ENGIE Polska\",\"description\":\"ENGIE combines expertise in the field of energy efficiency, technical maintenance of facilities, design and construction and the production, transmission of energy and renewable energy.\",\"potentialAction\":[{\"@type\":\"SearchAction\",\"target\":{\"@type\":\"EntryPoint\",\"urlTemplate\":\"https:\/\/engie-polska.pl\/?s={search_term_string}\"},\"query-input\":\"required name=search_term_string\"}],\"inLanguage\":\"en-US\"}]}<\/script>\n<!-- \/ Yoast SEO plugin. -->","yoast_head_json":{"title":"Job offer - ENGIE Polska","robots":{"index":"index","follow":"follow","max-snippet":"max-snippet:-1","max-image-preview":"max-image-preview:large","max-video-preview":"max-video-preview:-1"},"canonical":"https:\/\/engie-polska.pl\/oferty-pracy\/","og_locale":"en_US","og_type":"article","og_title":"Job offer - ENGIE Polska","og_description":"In ENGIE Services we are currently recruiting for the positions: Zobacz wszystkie In ENGIE EC serwis we are currently recruiting for the positions: https:\/\/engie-ecserwis.pl\/p\/kariera In ENGIE Elektromonta\u017c, we are currently recruiting for the positions: http:\/\/engie-elektromontaz.pl\/oferty-pracy\/: Electrical works manager Place of work: \u015al\u0105skie or Ma\u0142opolskie or Kujawsko-Pomorskie or Wielkopolskie Voivodships Responsibilities: Supervision over the implementation of [&hellip;]","og_url":"https:\/\/engie-polska.pl\/oferty-pracy\/","og_site_name":"ENGIE Polska","article_modified_time":"2026-04-02T11:57:01+00:00","twitter_card":"summary","twitter_misc":{"Est. reading time":"1 minute"},"schema":{"@context":"https:\/\/schema.org","@graph":[{"@type":"WebPage","@id":"https:\/\/engie-polska.pl\/oferty-pracy\/","url":"https:\/\/engie-polska.pl\/oferty-pracy\/","name":"Job offer - ENGIE Polska","isPartOf":{"@id":"https:\/\/engie-polska.pl\/#website"},"datePublished":"2016-02-08T12:42:43+00:00","dateModified":"2026-04-02T11:57:01+00:00","breadcrumb":{"@id":"https:\/\/engie-polska.pl\/oferty-pracy\/#breadcrumb"},"inLanguage":"en-US","potentialAction":[{"@type":"ReadAction","target":["https:\/\/engie-polska.pl\/oferty-pracy\/"]}]},{"@type":"BreadcrumbList","@id":"https:\/\/engie-polska.pl\/oferty-pracy\/#breadcrumb","itemListElement":[{"@type":"ListItem","position":1,"name":"Strona g\u0142\u00f3wna","item":"https:\/\/engie-polska.pl\/"},{"@type":"ListItem","position":2,"name":"Oferty pracy"}]},{"@type":"WebSite","@id":"https:\/\/engie-polska.pl\/#website","url":"https:\/\/engie-polska.pl\/","name":"ENGIE Polska","description":"ENGIE combines expertise in the field of energy efficiency, technical maintenance of facilities, design and construction and the production, transmission of energy and renewable energy.","potentialAction":[{"@type":"SearchAction","target":{"@type":"EntryPoint","urlTemplate":"https:\/\/engie-polska.pl\/?s={search_term_string}"},"query-input":"required name=search_term_string"}],"inLanguage":"en-US"}]}},"_links":{"self":[{"href":"https:\/\/engie-polska.pl\/en\/wp-json\/wp\/v2\/pages\/60"}],"collection":[{"href":"https:\/\/engie-polska.pl\/en\/wp-json\/wp\/v2\/pages"}],"about":[{"href":"https:\/\/engie-polska.pl\/en\/wp-json\/wp\/v2\/types\/page"}],"author":[{"embeddable":true,"href":"https:\/\/engie-polska.pl\/en\/wp-json\/wp\/v2\/users\/1"}],"replies":[{"embeddable":true,"href":"https:\/\/engie-polska.pl\/en\/wp-json\/wp\/v2\/comments?post=60"}],"version-history":[{"count":53,"href":"https:\/\/engie-polska.pl\/en\/wp-json\/wp\/v2\/pages\/60\/revisions"}],"predecessor-version":[{"id":2969,"href":"https:\/\/engie-polska.pl\/en\/wp-json\/wp\/v2\/pages\/60\/revisions\/2969"}],"wp:attachment":[{"href":"https:\/\/engie-polska.pl\/en\/wp-json\/wp\/v2\/media?parent=60"}],"curies":[{"name":"wp","href":"https:\/\/api.w.org\/{rel}","templated":true}]}}