{"id":2586,"date":"2022-03-21T12:45:11","date_gmt":"2022-03-21T11:45:11","guid":{"rendered":"https:\/\/engie-polska.pl\/?page_id=2586"},"modified":"2022-03-22T09:25:06","modified_gmt":"2022-03-22T08:25:06","slug":"gems-rozwiazania-dla-zrownowazonego-energetycznie-swiata","status":"publish","type":"page","link":"https:\/\/engie-polska.pl\/en\/gems-rozwiazania-dla-zrownowazonego-energetycznie-swiata\/","title":{"rendered":"&#8221;GEM&#038;S&#8221; &#8211; provides solutions to energize a sustainable world"},"content":{"rendered":"<p><\/p>\n<p class=\"tm7\" style=\"text-align: justify;\"><span class=\"tm9\">At ENGIE, our Business Unit \u201cGlobal Energy Management &amp; Sales\u201d is a global energy mid-streamer in electricity, natural gas and energy services. Operating at the heart of ENGIE, our Global Energy Management &amp; Sales experts are specialized in energy supply, market access &amp; risk management, renewable energy services and power asset management.<br \/>\nDriven by our ambition to accelerate the transition towards a carbon-neutral world, we offer to our clients environmentally-friendly solutions, reconciling economic performance with a positive impact on people and the planet.\u00a0<\/span><\/p>\n<p class=\"tm7\"><span class=\"tm8\">\u00a0<\/span><\/p>\n<p class=\"tm11\"><strong><span class=\"tm12\">\u201cGlobal Energy Management &amp; Sales\u201d provides solutions to energize a sustainable world<\/span><\/strong><\/p>\n<p class=\"tm7\"><span class=\"tm8\">Creating high value in your energy management:<\/span><\/p>\n<ul style=\"list-style-type: disc;\">\n<li class=\"tm14\" style=\"text-align: justify;\"><span class=\"tm8\">With ENGIE leading the way towards a carbon-neutral world, we deliver a wide range of energy transition solutions to support our clients in decarbonizing their businesses for a sustainable world. According to a 2020 survey, 92% of our customers are satisfied with our services. \u00a0<\/span><\/li>\n<li class=\"tm14\" style=\"text-align: justify;\"><span class=\"tm8\">With a 3,300-staff, we operate <\/span><span class=\"tm16\">around the world to provide our clients with best in class solutions, adapted to their specific and local needs throughout the energy value chain.<br \/>\nAs the market place for energy within ENGIE, we make our clients benefit from an expertise built on over more than 20 years managing one of the world\u2019s largest and most diverse energy portfolio including power, gas, environmental and certificate products.<\/span><span class=\"tm18\">\u00a0<\/span><\/li>\n<\/ul>\n<p class=\"tm7\"><u><strong><a href=\"https:\/\/gems.engie.com\/solutions-for-our-clients\/\"><span class=\"tm20\">Discover all our solutions<\/span><\/a><\/strong><\/u><\/p>\n<p class=\"tm21\"><span class=\"tm16\">\u00a0<\/span><\/p>\n<p class=\"tm11\"><strong><span class=\"tm22\">Operating worldwide, attuned to your local needs<\/span><\/strong><\/p>\n<p class=\"tm7\" style=\"text-align: justify;\"><span class=\"tm16\">A combination of global reach and strong local presence enables us to offer to our diversified client-base services \u00a0tailored to their specific needs, and respond to rapid changes in energy worlds whether in mature or developing markets.<\/span><\/p>\n<p class=\"tm7\" style=\"text-align: justify;\"><span class=\"tm8\">We are mainly operating in Europe and the United States with +20 locations (including in Paris, Brussels, London, Houston, Singapore, Mexico, Melbourne, Moscow, Katowice, Bucharest Rome, Madrid, K\u00f6ln, Berlin, Prague, Kiev).<br \/>\n<\/span><\/p>\n<p class=\"tm7\"><strong><u><a href=\"https:\/\/gems.engie.com\/our-global-presence\/\"><span class=\"tm20\">Find out more about our global presence<\/span><\/a><\/u><\/strong><\/p>\n<p class=\"tm7\"><span class=\"tm16\">\u00a0<\/span><\/p>\n<p class=\"tm7\"><strong><span class=\"tm24\">4 expertise fields to provide you with innovative and customized solutions:<\/span><\/strong><\/p>\n<ul style=\"list-style-type: disc;\">\n<li class=\"tm14\" style=\"text-align: justify;\"><strong><a href=\"https:\/\/gems.engie.com\/expertises\/power-asset-management\/\"><span class=\"tm8\">Asset management<\/span><\/a><\/strong><span class=\"tm16\">: We can manage your physical assets, ensuring your daily operations, off-take and marketing your production. We also help you design trading strategies to optimize the flexibility and financial value of your assets.<\/span><\/li>\n<li class=\"tm14\" style=\"text-align: justify;\"><a href=\"https:\/\/gems.engie.com\/expertises\/energy-transition-services\/\"><span class=\"tm8\"><strong>Energy transition services<\/strong><\/span><\/a><span class=\"tm16\">: We accompany you achieving your environmental goals, by providing customized solutions and facilitating your consumption of renewables. We help you market the physical production of your renewable assets and provide you with short or long term secured revenues.<\/span><\/li>\n<li class=\"tm14\" style=\"text-align: justify;\"><a href=\"https:\/\/gems.engie.com\/expertises\/energy-supply\/\"><span class=\"tm8\"><strong>Energy supply &amp; global commodities<\/strong><\/span><\/a><span class=\"tm16\">: We supply gas, power and green energy to your industrial sites with a global approach and we structure LNG and biomass deliveries worldwide.<\/span><\/li>\n<li class=\"tm14\" style=\"text-align: justify;\"><a href=\"https:\/\/gems.engie.com\/expertises\/risk-management-market-access\/\"><span class=\"tm8\"><strong>Risk management &amp; market access<\/strong><\/span><\/a><span class=\"tm16\">: We offer you tailor-made structured solutions and risk hedging strategies. You can manage your price risk and supply needs thanks to our market access services, offering you cross-commodity, <\/span><span class=\"tm8\">physical and financial products<\/span><span class=\"tm16\">, from vanilla contracts to complex and structured market products.<\/span><\/li>\n<\/ul>\n<p class=\"tm7\"><span class=\"tm16\">\u00a0<\/span><span class=\"tm25\">\u00a0<\/span><\/p>\n<p class=\"tm27\"><strong><u><a href=\"https:\/\/gems.engie.com\/\"><span class=\"tm29\">To learn more about Global Energy Management &amp; Sales, please visit our website<\/span><\/a><\/u><\/strong><\/p>\n<p><\/p>","protected":false},"excerpt":{"rendered":"<p>At ENGIE, our Business Unit \u201cGlobal Energy Management &amp; Sales\u201d is a global energy mid-streamer in electricity, natural gas and energy services. Operating at the heart of ENGIE, our Global Energy Management &amp; Sales experts are specialized in energy supply, market access &amp; risk management, renewable energy services and power asset management. Driven by our [&hellip;]<\/p>\n","protected":false},"author":9,"featured_media":0,"parent":0,"menu_order":0,"comment_status":"closed","ping_status":"closed","template":"","meta":[],"yoast_head":"<!-- This site is optimized with the Yoast SEO plugin v19.6.1 - https:\/\/yoast.com\/wordpress\/plugins\/seo\/ -->\n<title>&quot;GEM&amp;S&quot; - provides solutions to energize a sustainable world - ENGIE Polska<\/title>\n<meta name=\"robots\" content=\"index, follow, max-snippet:-1, max-image-preview:large, max-video-preview:-1\" \/>\n<link rel=\"canonical\" href=\"https:\/\/engie-polska.pl\/gems-rozwiazania-dla-zrownowazonego-energetycznie-swiata\/\" \/>\n<meta property=\"og:locale\" content=\"en_US\" \/>\n<meta property=\"og:type\" content=\"article\" \/>\n<meta property=\"og:title\" content=\"&quot;GEM&amp;S&quot; - provides solutions to energize a sustainable world - ENGIE Polska\" \/>\n<meta property=\"og:description\" content=\"At ENGIE, our Business Unit \u201cGlobal Energy Management &amp; Sales\u201d is a global energy mid-streamer in electricity, natural gas and energy services. Operating at the heart of ENGIE, our Global Energy Management &amp; Sales experts are specialized in energy supply, market access &amp; risk management, renewable energy services and power asset management. Driven by our [&hellip;]\" \/>\n<meta property=\"og:url\" content=\"https:\/\/engie-polska.pl\/gems-rozwiazania-dla-zrownowazonego-energetycznie-swiata\/\" \/>\n<meta property=\"og:site_name\" content=\"ENGIE Polska\" \/>\n<meta property=\"article:modified_time\" content=\"2022-03-22T08:25:06+00:00\" \/>\n<meta name=\"twitter:card\" content=\"summary\" \/>\n<meta name=\"twitter:label1\" content=\"Est. reading time\" \/>\n\t<meta name=\"twitter:data1\" content=\"3 minutes\" \/>\n<script type=\"application\/ld+json\" class=\"yoast-schema-graph\">{\"@context\":\"https:\/\/schema.org\",\"@graph\":[{\"@type\":\"WebPage\",\"@id\":\"https:\/\/engie-polska.pl\/gems-rozwiazania-dla-zrownowazonego-energetycznie-swiata\/\",\"url\":\"https:\/\/engie-polska.pl\/gems-rozwiazania-dla-zrownowazonego-energetycznie-swiata\/\",\"name\":\"\\\"GEM&S\\\" - provides solutions to energize a sustainable world - ENGIE Polska\",\"isPartOf\":{\"@id\":\"https:\/\/engie-polska.pl\/#website\"},\"datePublished\":\"2022-03-21T11:45:11+00:00\",\"dateModified\":\"2022-03-22T08:25:06+00:00\",\"breadcrumb\":{\"@id\":\"https:\/\/engie-polska.pl\/gems-rozwiazania-dla-zrownowazonego-energetycznie-swiata\/#breadcrumb\"},\"inLanguage\":\"en-US\",\"potentialAction\":[{\"@type\":\"ReadAction\",\"target\":[\"https:\/\/engie-polska.pl\/gems-rozwiazania-dla-zrownowazonego-energetycznie-swiata\/\"]}]},{\"@type\":\"BreadcrumbList\",\"@id\":\"https:\/\/engie-polska.pl\/gems-rozwiazania-dla-zrownowazonego-energetycznie-swiata\/#breadcrumb\",\"itemListElement\":[{\"@type\":\"ListItem\",\"position\":1,\"name\":\"Strona g\u0142\u00f3wna\",\"item\":\"https:\/\/engie-polska.pl\/\"},{\"@type\":\"ListItem\",\"position\":2,\"name\":\"&#8222;GEM&#038;S&#8221; &#8211; rozwi\u0105zania dla zr\u00f3wnowa\u017conego energetycznie \u015bwiata\"}]},{\"@type\":\"WebSite\",\"@id\":\"https:\/\/engie-polska.pl\/#website\",\"url\":\"https:\/\/engie-polska.pl\/\",\"name\":\"ENGIE Polska\",\"description\":\"ENGIE combines expertise in the field of energy efficiency, technical maintenance of facilities, design and construction and the production, transmission of energy and renewable energy.\",\"potentialAction\":[{\"@type\":\"SearchAction\",\"target\":{\"@type\":\"EntryPoint\",\"urlTemplate\":\"https:\/\/engie-polska.pl\/?s={search_term_string}\"},\"query-input\":\"required name=search_term_string\"}],\"inLanguage\":\"en-US\"}]}<\/script>\n<!-- \/ Yoast SEO plugin. -->","yoast_head_json":{"title":"\"GEM&S\" - provides solutions to energize a sustainable world - ENGIE Polska","robots":{"index":"index","follow":"follow","max-snippet":"max-snippet:-1","max-image-preview":"max-image-preview:large","max-video-preview":"max-video-preview:-1"},"canonical":"https:\/\/engie-polska.pl\/gems-rozwiazania-dla-zrownowazonego-energetycznie-swiata\/","og_locale":"en_US","og_type":"article","og_title":"\"GEM&S\" - provides solutions to energize a sustainable world - ENGIE Polska","og_description":"At ENGIE, our Business Unit \u201cGlobal Energy Management &amp; Sales\u201d is a global energy mid-streamer in electricity, natural gas and energy services. Operating at the heart of ENGIE, our Global Energy Management &amp; Sales experts are specialized in energy supply, market access &amp; risk management, renewable energy services and power asset management. Driven by our [&hellip;]","og_url":"https:\/\/engie-polska.pl\/gems-rozwiazania-dla-zrownowazonego-energetycznie-swiata\/","og_site_name":"ENGIE Polska","article_modified_time":"2022-03-22T08:25:06+00:00","twitter_card":"summary","twitter_misc":{"Est. reading time":"3 minutes"},"schema":{"@context":"https:\/\/schema.org","@graph":[{"@type":"WebPage","@id":"https:\/\/engie-polska.pl\/gems-rozwiazania-dla-zrownowazonego-energetycznie-swiata\/","url":"https:\/\/engie-polska.pl\/gems-rozwiazania-dla-zrownowazonego-energetycznie-swiata\/","name":"\"GEM&S\" - provides solutions to energize a sustainable world - ENGIE Polska","isPartOf":{"@id":"https:\/\/engie-polska.pl\/#website"},"datePublished":"2022-03-21T11:45:11+00:00","dateModified":"2022-03-22T08:25:06+00:00","breadcrumb":{"@id":"https:\/\/engie-polska.pl\/gems-rozwiazania-dla-zrownowazonego-energetycznie-swiata\/#breadcrumb"},"inLanguage":"en-US","potentialAction":[{"@type":"ReadAction","target":["https:\/\/engie-polska.pl\/gems-rozwiazania-dla-zrownowazonego-energetycznie-swiata\/"]}]},{"@type":"BreadcrumbList","@id":"https:\/\/engie-polska.pl\/gems-rozwiazania-dla-zrownowazonego-energetycznie-swiata\/#breadcrumb","itemListElement":[{"@type":"ListItem","position":1,"name":"Strona g\u0142\u00f3wna","item":"https:\/\/engie-polska.pl\/"},{"@type":"ListItem","position":2,"name":"&#8222;GEM&#038;S&#8221; &#8211; rozwi\u0105zania dla zr\u00f3wnowa\u017conego energetycznie \u015bwiata"}]},{"@type":"WebSite","@id":"https:\/\/engie-polska.pl\/#website","url":"https:\/\/engie-polska.pl\/","name":"ENGIE Polska","description":"ENGIE combines expertise in the field of energy efficiency, technical maintenance of facilities, design and construction and the production, transmission of energy and renewable energy.","potentialAction":[{"@type":"SearchAction","target":{"@type":"EntryPoint","urlTemplate":"https:\/\/engie-polska.pl\/?s={search_term_string}"},"query-input":"required name=search_term_string"}],"inLanguage":"en-US"}]}},"_links":{"self":[{"href":"https:\/\/engie-polska.pl\/en\/wp-json\/wp\/v2\/pages\/2586"}],"collection":[{"href":"https:\/\/engie-polska.pl\/en\/wp-json\/wp\/v2\/pages"}],"about":[{"href":"https:\/\/engie-polska.pl\/en\/wp-json\/wp\/v2\/types\/page"}],"author":[{"embeddable":true,"href":"https:\/\/engie-polska.pl\/en\/wp-json\/wp\/v2\/users\/9"}],"replies":[{"embeddable":true,"href":"https:\/\/engie-polska.pl\/en\/wp-json\/wp\/v2\/comments?post=2586"}],"version-history":[{"count":12,"href":"https:\/\/engie-polska.pl\/en\/wp-json\/wp\/v2\/pages\/2586\/revisions"}],"predecessor-version":[{"id":2608,"href":"https:\/\/engie-polska.pl\/en\/wp-json\/wp\/v2\/pages\/2586\/revisions\/2608"}],"wp:attachment":[{"href":"https:\/\/engie-polska.pl\/en\/wp-json\/wp\/v2\/media?parent=2586"}],"curies":[{"name":"wp","href":"https:\/\/api.w.org\/{rel}","templated":true}]}}