{"id":1640,"date":"2018-11-02T14:10:42","date_gmt":"2018-11-02T13:10:42","guid":{"rendered":"https:\/\/engie-polska.pl\/?page_id=1640"},"modified":"2024-03-22T10:33:40","modified_gmt":"2024-03-22T09:33:40","slug":"polityka-rekrutacji","status":"publish","type":"page","link":"https:\/\/engie-polska.pl\/en\/polityka-rekrutacji\/","title":{"rendered":"Recruitment policy"},"content":{"rendered":"<p><\/p>\n<p style=\"text-align: center;\"><strong>KLAUZULA INFORMACYJNA DLA KANDYDAT\u00d3W DO PRACY<\/strong><\/p>\n<p>&nbsp;<\/p>\n<p>&nbsp;<\/p>\n<p><strong>Wskazanie Administratora<\/strong><\/p>\n<p>Administratorem Twoich danych osobowych jest <strong>ENGIE TECHNIKA INSTALACYJNA SP<\/strong>. <strong>Z O.O. <\/strong>(dalej <strong>ENGIE<\/strong>), z siedzib\u0105 w Warszawie, ul. Bobrowiecka 8, 00-7287 Warszawa, KRS 0000200970.<\/p>\n<p>We wszystkich sprawach zwi\u0105zanych z ochron\u0105 danych osobowych mo\u017ce skontaktowa\u0107 si\u0119 z administratorem przy pomocy adresu e-mail: ETI.inspektorODO@engie.com, lub pisemnie na adres naszej siedziby, wskazany w pkt I.<\/p>\n<p><strong>Cele i podstawy przetwarzania <\/strong><\/p>\n<ol>\n<li>Twoje dane osobowe b\u0119d\u0105 przetwarzane w celu przeprowadzenie i rozstrzygni\u0119cie procesu rekrutacji prowadzonego na aplikowane przez Ciebie stanowisko, w oparciu o art. 6 ust. 1 lit. b) RODO tj. podejmowanie niezb\u0119dnych dzia\u0142a\u0144 na \u017c\u0105danie osoby, kt\u00f3rej dane dotycz\u0105, przed zawarciem umowy \u2013 w zakresie danych wskazanych w art. 22<sup>1<\/sup> \u00a71 ustawy z dnia 26 czerwca 1974 r. Kodeksu pracy oraz na podstawie udzielonej przez Ciebie zgody tj. art. 6 ust. 1 lit. a) RODO tj. w zakresie danych wykraczaj\u0105cych poza katalog wskazany w art. 22<sup>1<\/sup> \u00a71 ustawy z dnia 26 czerwca 1974 r. Kodeksu pracy.<\/li>\n<\/ol>\n<p><u>\u00a0<\/u><\/p>\n<p><strong>Okres przechowywania danych<\/strong><\/p>\n<p>Twoje dane przetwarzane b\u0119d\u0105 przez okres niezb\u0119dny do przeprowadzenia procesu rekrutacji, tj. maksymalnie do trzech miesi\u0119cy po zamkni\u0119ciu procesu rekrutacji.<\/p>\n<p><u>\u00a0<\/u><\/p>\n<p><strong>Odbiorcy danych<\/strong><\/p>\n<p>Twoje dane osobowe b\u0119d\u0105 udost\u0119pnianie na zewn\u0105trz Sp\u00f3\u0142ki podmiotom wsp\u00f3\u0142pracuj\u0105cym i \u015bwiadcz\u0105cym us\u0142ugi dla administratora.<\/p>\n<p>Nie przekazujemy Twoich danych poza teren Europejskiego Obszaru Gospodarczego.<\/p>\n<p>&nbsp;<\/p>\n<p><strong>Twoje prawa<\/strong><\/p>\n<p>W zwi\u0105zku z przetwarzaniem przez nas Twoich danych osobowych masz prawo do:<\/p>\n<ol>\n<li>\u017c\u0105dania dost\u0119pu do swoich danych osobowych,<\/li>\n<li>\u017c\u0105dania sprostowania swoich danych osobowych,<\/li>\n<li>\u017c\u0105dania usuni\u0119cia lub ograniczenia przetwarzania swoich danych osobowych,<\/li>\n<li>wniesienia sprzeciwu co do przetwarzania Twoich danych,<\/li>\n<li>wniesienia skargi do organu nadzorczego, kt\u00f3rym w Polsce jest Prezes Urz\u0119du Ochrony Danych Osobowych.<\/li>\n<\/ol>\n<p>&nbsp;<\/p>\n<p>Podanie danych jest dobrowolne, ale konieczne do wzi\u0119cia udzia\u0142u w rekrutacji.<\/p>\n<p>&nbsp;<\/p>\n<p>W procesie przetwarzania danych osobowych nie dochodzi do zautomatyzowanego podejmowania decyzji,<br \/>\nw tym do profilowania.<\/p>\n<p>&nbsp;<\/p>\n<p>&nbsp;<\/p>\n<p>&nbsp;<\/p>","protected":false},"excerpt":{"rendered":"<p>KLAUZULA INFORMACYJNA DLA KANDYDAT\u00d3W DO PRACY &nbsp; &nbsp; Wskazanie Administratora Administratorem Twoich danych osobowych jest ENGIE TECHNIKA INSTALACYJNA SP. Z O.O. (dalej ENGIE), z siedzib\u0105 w Warszawie, ul. Bobrowiecka 8, 00-7287 Warszawa, KRS 0000200970. We wszystkich sprawach zwi\u0105zanych z ochron\u0105 danych osobowych mo\u017ce skontaktowa\u0107 si\u0119 z administratorem przy pomocy adresu e-mail: ETI.inspektorODO@engie.com, lub pisemnie na [&hellip;]<\/p>\n","protected":false},"author":9,"featured_media":0,"parent":0,"menu_order":0,"comment_status":"closed","ping_status":"closed","template":"","meta":[],"yoast_head":"<!-- This site is optimized with the Yoast SEO plugin v19.6.1 - https:\/\/yoast.com\/wordpress\/plugins\/seo\/ -->\n<title>Recruitment policy - ENGIE Polska<\/title>\n<meta name=\"robots\" content=\"index, follow, max-snippet:-1, max-image-preview:large, max-video-preview:-1\" \/>\n<link rel=\"canonical\" href=\"https:\/\/engie-polska.pl\/polityka-rekrutacji\/\" \/>\n<meta property=\"og:locale\" content=\"en_US\" \/>\n<meta property=\"og:type\" content=\"article\" \/>\n<meta property=\"og:title\" content=\"Recruitment policy - ENGIE Polska\" \/>\n<meta property=\"og:description\" content=\"KLAUZULA INFORMACYJNA DLA KANDYDAT\u00d3W DO PRACY &nbsp; &nbsp; Wskazanie Administratora Administratorem Twoich danych osobowych jest ENGIE TECHNIKA INSTALACYJNA SP. Z O.O. (dalej ENGIE), z siedzib\u0105 w Warszawie, ul. Bobrowiecka 8, 00-7287 Warszawa, KRS 0000200970. We wszystkich sprawach zwi\u0105zanych z ochron\u0105 danych osobowych mo\u017ce skontaktowa\u0107 si\u0119 z administratorem przy pomocy adresu e-mail: ETI.inspektorODO@engie.com, lub pisemnie na [&hellip;]\" \/>\n<meta property=\"og:url\" content=\"https:\/\/engie-polska.pl\/polityka-rekrutacji\/\" \/>\n<meta property=\"og:site_name\" content=\"ENGIE Polska\" \/>\n<meta property=\"article:modified_time\" content=\"2024-03-22T09:33:40+00:00\" \/>\n<meta name=\"twitter:card\" content=\"summary\" \/>\n<meta name=\"twitter:label1\" content=\"Est. reading time\" \/>\n\t<meta name=\"twitter:data1\" content=\"5 minutes\" \/>\n<script type=\"application\/ld+json\" class=\"yoast-schema-graph\">{\"@context\":\"https:\/\/schema.org\",\"@graph\":[{\"@type\":\"WebPage\",\"@id\":\"https:\/\/engie-polska.pl\/polityka-rekrutacji\/\",\"url\":\"https:\/\/engie-polska.pl\/polityka-rekrutacji\/\",\"name\":\"Recruitment policy - ENGIE Polska\",\"isPartOf\":{\"@id\":\"https:\/\/engie-polska.pl\/#website\"},\"datePublished\":\"2018-11-02T13:10:42+00:00\",\"dateModified\":\"2024-03-22T09:33:40+00:00\",\"breadcrumb\":{\"@id\":\"https:\/\/engie-polska.pl\/polityka-rekrutacji\/#breadcrumb\"},\"inLanguage\":\"en-US\",\"potentialAction\":[{\"@type\":\"ReadAction\",\"target\":[\"https:\/\/engie-polska.pl\/polityka-rekrutacji\/\"]}]},{\"@type\":\"BreadcrumbList\",\"@id\":\"https:\/\/engie-polska.pl\/polityka-rekrutacji\/#breadcrumb\",\"itemListElement\":[{\"@type\":\"ListItem\",\"position\":1,\"name\":\"Strona g\u0142\u00f3wna\",\"item\":\"https:\/\/engie-polska.pl\/\"},{\"@type\":\"ListItem\",\"position\":2,\"name\":\"Polityka rekrutacji\"}]},{\"@type\":\"WebSite\",\"@id\":\"https:\/\/engie-polska.pl\/#website\",\"url\":\"https:\/\/engie-polska.pl\/\",\"name\":\"ENGIE Polska\",\"description\":\"ENGIE combines expertise in the field of energy efficiency, technical maintenance of facilities, design and construction and the production, transmission of energy and renewable energy.\",\"potentialAction\":[{\"@type\":\"SearchAction\",\"target\":{\"@type\":\"EntryPoint\",\"urlTemplate\":\"https:\/\/engie-polska.pl\/?s={search_term_string}\"},\"query-input\":\"required name=search_term_string\"}],\"inLanguage\":\"en-US\"}]}<\/script>\n<!-- \/ Yoast SEO plugin. -->","yoast_head_json":{"title":"Recruitment policy - ENGIE Polska","robots":{"index":"index","follow":"follow","max-snippet":"max-snippet:-1","max-image-preview":"max-image-preview:large","max-video-preview":"max-video-preview:-1"},"canonical":"https:\/\/engie-polska.pl\/polityka-rekrutacji\/","og_locale":"en_US","og_type":"article","og_title":"Recruitment policy - ENGIE Polska","og_description":"KLAUZULA INFORMACYJNA DLA KANDYDAT\u00d3W DO PRACY &nbsp; &nbsp; Wskazanie Administratora Administratorem Twoich danych osobowych jest ENGIE TECHNIKA INSTALACYJNA SP. Z O.O. (dalej ENGIE), z siedzib\u0105 w Warszawie, ul. Bobrowiecka 8, 00-7287 Warszawa, KRS 0000200970. We wszystkich sprawach zwi\u0105zanych z ochron\u0105 danych osobowych mo\u017ce skontaktowa\u0107 si\u0119 z administratorem przy pomocy adresu e-mail: ETI.inspektorODO@engie.com, lub pisemnie na [&hellip;]","og_url":"https:\/\/engie-polska.pl\/polityka-rekrutacji\/","og_site_name":"ENGIE Polska","article_modified_time":"2024-03-22T09:33:40+00:00","twitter_card":"summary","twitter_misc":{"Est. reading time":"5 minutes"},"schema":{"@context":"https:\/\/schema.org","@graph":[{"@type":"WebPage","@id":"https:\/\/engie-polska.pl\/polityka-rekrutacji\/","url":"https:\/\/engie-polska.pl\/polityka-rekrutacji\/","name":"Recruitment policy - ENGIE Polska","isPartOf":{"@id":"https:\/\/engie-polska.pl\/#website"},"datePublished":"2018-11-02T13:10:42+00:00","dateModified":"2024-03-22T09:33:40+00:00","breadcrumb":{"@id":"https:\/\/engie-polska.pl\/polityka-rekrutacji\/#breadcrumb"},"inLanguage":"en-US","potentialAction":[{"@type":"ReadAction","target":["https:\/\/engie-polska.pl\/polityka-rekrutacji\/"]}]},{"@type":"BreadcrumbList","@id":"https:\/\/engie-polska.pl\/polityka-rekrutacji\/#breadcrumb","itemListElement":[{"@type":"ListItem","position":1,"name":"Strona g\u0142\u00f3wna","item":"https:\/\/engie-polska.pl\/"},{"@type":"ListItem","position":2,"name":"Polityka rekrutacji"}]},{"@type":"WebSite","@id":"https:\/\/engie-polska.pl\/#website","url":"https:\/\/engie-polska.pl\/","name":"ENGIE Polska","description":"ENGIE combines expertise in the field of energy efficiency, technical maintenance of facilities, design and construction and the production, transmission of energy and renewable energy.","potentialAction":[{"@type":"SearchAction","target":{"@type":"EntryPoint","urlTemplate":"https:\/\/engie-polska.pl\/?s={search_term_string}"},"query-input":"required name=search_term_string"}],"inLanguage":"en-US"}]}},"_links":{"self":[{"href":"https:\/\/engie-polska.pl\/en\/wp-json\/wp\/v2\/pages\/1640"}],"collection":[{"href":"https:\/\/engie-polska.pl\/en\/wp-json\/wp\/v2\/pages"}],"about":[{"href":"https:\/\/engie-polska.pl\/en\/wp-json\/wp\/v2\/types\/page"}],"author":[{"embeddable":true,"href":"https:\/\/engie-polska.pl\/en\/wp-json\/wp\/v2\/users\/9"}],"replies":[{"embeddable":true,"href":"https:\/\/engie-polska.pl\/en\/wp-json\/wp\/v2\/comments?post=1640"}],"version-history":[{"count":10,"href":"https:\/\/engie-polska.pl\/en\/wp-json\/wp\/v2\/pages\/1640\/revisions"}],"predecessor-version":[{"id":2802,"href":"https:\/\/engie-polska.pl\/en\/wp-json\/wp\/v2\/pages\/1640\/revisions\/2802"}],"wp:attachment":[{"href":"https:\/\/engie-polska.pl\/en\/wp-json\/wp\/v2\/media?parent=1640"}],"curies":[{"name":"wp","href":"https:\/\/api.w.org\/{rel}","templated":true}]}}