{"id":133,"date":"2015-07-29T21:36:24","date_gmt":"2015-07-29T19:36:24","guid":{"rendered":"http:\/\/cofely.waw.pl\/?page_id=133"},"modified":"2022-03-21T12:56:57","modified_gmt":"2022-03-21T11:56:57","slug":"engie-dla-mieszkancow-2","status":"publish","type":"page","link":"https:\/\/engie-polska.pl\/en\/engie-dla-mieszkancow-2\/","title":{"rendered":"ENGIE for residents"},"content":{"rendered":"<p>Sorry, this entry is only available in Polish.<\/p>\n<p>&nbsp;<\/p>\n<p>&nbsp;<\/p>\n<p>&nbsp;<\/p>\n<p>&nbsp;<\/p>\n<p>&nbsp;<\/p>\n<p>&nbsp;<\/p>\n<p>&nbsp;<\/p>\n<p>&nbsp;<\/p>\n<p>&nbsp;<\/p>\n<p>&nbsp;<\/p>","protected":false},"excerpt":{"rendered":"<p>Sorry, this entry is only available in Polish. &nbsp; &nbsp; &nbsp; &nbsp; &nbsp; &nbsp; &nbsp; &nbsp; &nbsp; &nbsp;<\/p>\n","protected":false},"author":1,"featured_media":0,"parent":0,"menu_order":0,"comment_status":"open","ping_status":"open","template":"","meta":[],"yoast_head":"<!-- This site is optimized with the Yoast SEO plugin v19.6.1 - https:\/\/yoast.com\/wordpress\/plugins\/seo\/ -->\n<title>Ca\u0142o\u015bciowe zarz\u0105dzanie i obs\u0142uga obiektu - Cofely GDF Suez<\/title>\n<meta name=\"description\" content=\"\u015awiadczymy us\u0142ugi zarz\u0105dzania obiektem, obs\u0142ugujemy budynki w ponad 30 kraj\u00f3w zapewniaj\u0105c wyspecjalizowane rozwi\u0105zania zwi\u0105zane z oszcz\u0119dzaniem energii!\" \/>\n<meta name=\"robots\" content=\"index, follow, max-snippet:-1, max-image-preview:large, max-video-preview:-1\" \/>\n<link rel=\"canonical\" href=\"https:\/\/engie-polska.pl\/engie-dla-mieszkancow-2\/\" \/>\n<meta property=\"og:locale\" content=\"en_US\" \/>\n<meta property=\"og:type\" content=\"article\" \/>\n<meta property=\"og:title\" content=\"Ca\u0142o\u015bciowe zarz\u0105dzanie i obs\u0142uga obiektu - Cofely GDF Suez\" \/>\n<meta property=\"og:description\" content=\"\u015awiadczymy us\u0142ugi zarz\u0105dzania obiektem, obs\u0142ugujemy budynki w ponad 30 kraj\u00f3w zapewniaj\u0105c wyspecjalizowane rozwi\u0105zania zwi\u0105zane z oszcz\u0119dzaniem energii!\" \/>\n<meta property=\"og:url\" content=\"https:\/\/engie-polska.pl\/engie-dla-mieszkancow-2\/\" \/>\n<meta property=\"og:site_name\" content=\"ENGIE Polska\" \/>\n<meta property=\"article:modified_time\" content=\"2022-03-21T11:56:57+00:00\" \/>\n<meta name=\"twitter:card\" content=\"summary\" \/>\n<meta name=\"twitter:label1\" content=\"Est. reading time\" \/>\n\t<meta name=\"twitter:data1\" content=\"1 minute\" \/>\n<script type=\"application\/ld+json\" class=\"yoast-schema-graph\">{\"@context\":\"https:\/\/schema.org\",\"@graph\":[{\"@type\":\"WebPage\",\"@id\":\"https:\/\/engie-polska.pl\/engie-dla-mieszkancow-2\/\",\"url\":\"https:\/\/engie-polska.pl\/engie-dla-mieszkancow-2\/\",\"name\":\"Ca\u0142o\u015bciowe zarz\u0105dzanie i obs\u0142uga obiektu - Cofely GDF Suez\",\"isPartOf\":{\"@id\":\"https:\/\/engie-polska.pl\/#website\"},\"datePublished\":\"2015-07-29T19:36:24+00:00\",\"dateModified\":\"2022-03-21T11:56:57+00:00\",\"description\":\"\u015awiadczymy us\u0142ugi zarz\u0105dzania obiektem, obs\u0142ugujemy budynki w ponad 30 kraj\u00f3w zapewniaj\u0105c wyspecjalizowane rozwi\u0105zania zwi\u0105zane z oszcz\u0119dzaniem energii!\",\"breadcrumb\":{\"@id\":\"https:\/\/engie-polska.pl\/engie-dla-mieszkancow-2\/#breadcrumb\"},\"inLanguage\":\"en-US\",\"potentialAction\":[{\"@type\":\"ReadAction\",\"target\":[\"https:\/\/engie-polska.pl\/engie-dla-mieszkancow-2\/\"]}]},{\"@type\":\"BreadcrumbList\",\"@id\":\"https:\/\/engie-polska.pl\/engie-dla-mieszkancow-2\/#breadcrumb\",\"itemListElement\":[{\"@type\":\"ListItem\",\"position\":1,\"name\":\"Strona g\u0142\u00f3wna\",\"item\":\"https:\/\/engie-polska.pl\/\"},{\"@type\":\"ListItem\",\"position\":2,\"name\":\"ENGIE dla mieszka\u0144c\u00f3w\"}]},{\"@type\":\"WebSite\",\"@id\":\"https:\/\/engie-polska.pl\/#website\",\"url\":\"https:\/\/engie-polska.pl\/\",\"name\":\"ENGIE Polska\",\"description\":\"ENGIE combines expertise in the field of energy efficiency, technical maintenance of facilities, design and construction and the production, transmission of energy and renewable energy.\",\"potentialAction\":[{\"@type\":\"SearchAction\",\"target\":{\"@type\":\"EntryPoint\",\"urlTemplate\":\"https:\/\/engie-polska.pl\/?s={search_term_string}\"},\"query-input\":\"required name=search_term_string\"}],\"inLanguage\":\"en-US\"}]}<\/script>\n<!-- \/ Yoast SEO plugin. -->","yoast_head_json":{"title":"Ca\u0142o\u015bciowe zarz\u0105dzanie i obs\u0142uga obiektu - Cofely GDF Suez","description":"\u015awiadczymy us\u0142ugi zarz\u0105dzania obiektem, obs\u0142ugujemy budynki w ponad 30 kraj\u00f3w zapewniaj\u0105c wyspecjalizowane rozwi\u0105zania zwi\u0105zane z oszcz\u0119dzaniem energii!","robots":{"index":"index","follow":"follow","max-snippet":"max-snippet:-1","max-image-preview":"max-image-preview:large","max-video-preview":"max-video-preview:-1"},"canonical":"https:\/\/engie-polska.pl\/engie-dla-mieszkancow-2\/","og_locale":"en_US","og_type":"article","og_title":"Ca\u0142o\u015bciowe zarz\u0105dzanie i obs\u0142uga obiektu - Cofely GDF Suez","og_description":"\u015awiadczymy us\u0142ugi zarz\u0105dzania obiektem, obs\u0142ugujemy budynki w ponad 30 kraj\u00f3w zapewniaj\u0105c wyspecjalizowane rozwi\u0105zania zwi\u0105zane z oszcz\u0119dzaniem energii!","og_url":"https:\/\/engie-polska.pl\/engie-dla-mieszkancow-2\/","og_site_name":"ENGIE Polska","article_modified_time":"2022-03-21T11:56:57+00:00","twitter_card":"summary","twitter_misc":{"Est. reading time":"1 minute"},"schema":{"@context":"https:\/\/schema.org","@graph":[{"@type":"WebPage","@id":"https:\/\/engie-polska.pl\/engie-dla-mieszkancow-2\/","url":"https:\/\/engie-polska.pl\/engie-dla-mieszkancow-2\/","name":"Ca\u0142o\u015bciowe zarz\u0105dzanie i obs\u0142uga obiektu - Cofely GDF Suez","isPartOf":{"@id":"https:\/\/engie-polska.pl\/#website"},"datePublished":"2015-07-29T19:36:24+00:00","dateModified":"2022-03-21T11:56:57+00:00","description":"\u015awiadczymy us\u0142ugi zarz\u0105dzania obiektem, obs\u0142ugujemy budynki w ponad 30 kraj\u00f3w zapewniaj\u0105c wyspecjalizowane rozwi\u0105zania zwi\u0105zane z oszcz\u0119dzaniem energii!","breadcrumb":{"@id":"https:\/\/engie-polska.pl\/engie-dla-mieszkancow-2\/#breadcrumb"},"inLanguage":"en-US","potentialAction":[{"@type":"ReadAction","target":["https:\/\/engie-polska.pl\/engie-dla-mieszkancow-2\/"]}]},{"@type":"BreadcrumbList","@id":"https:\/\/engie-polska.pl\/engie-dla-mieszkancow-2\/#breadcrumb","itemListElement":[{"@type":"ListItem","position":1,"name":"Strona g\u0142\u00f3wna","item":"https:\/\/engie-polska.pl\/"},{"@type":"ListItem","position":2,"name":"ENGIE dla mieszka\u0144c\u00f3w"}]},{"@type":"WebSite","@id":"https:\/\/engie-polska.pl\/#website","url":"https:\/\/engie-polska.pl\/","name":"ENGIE Polska","description":"ENGIE combines expertise in the field of energy efficiency, technical maintenance of facilities, design and construction and the production, transmission of energy and renewable energy.","potentialAction":[{"@type":"SearchAction","target":{"@type":"EntryPoint","urlTemplate":"https:\/\/engie-polska.pl\/?s={search_term_string}"},"query-input":"required name=search_term_string"}],"inLanguage":"en-US"}]}},"_links":{"self":[{"href":"https:\/\/engie-polska.pl\/en\/wp-json\/wp\/v2\/pages\/133"}],"collection":[{"href":"https:\/\/engie-polska.pl\/en\/wp-json\/wp\/v2\/pages"}],"about":[{"href":"https:\/\/engie-polska.pl\/en\/wp-json\/wp\/v2\/types\/page"}],"author":[{"embeddable":true,"href":"https:\/\/engie-polska.pl\/en\/wp-json\/wp\/v2\/users\/1"}],"replies":[{"embeddable":true,"href":"https:\/\/engie-polska.pl\/en\/wp-json\/wp\/v2\/comments?post=133"}],"version-history":[{"count":7,"href":"https:\/\/engie-polska.pl\/en\/wp-json\/wp\/v2\/pages\/133\/revisions"}],"predecessor-version":[{"id":2591,"href":"https:\/\/engie-polska.pl\/en\/wp-json\/wp\/v2\/pages\/133\/revisions\/2591"}],"wp:attachment":[{"href":"https:\/\/engie-polska.pl\/en\/wp-json\/wp\/v2\/media?parent=133"}],"curies":[{"name":"wp","href":"https:\/\/api.w.org\/{rel}","templated":true}]}}