{"id":1120,"date":"2016-07-22T15:28:40","date_gmt":"2016-07-22T13:28:40","guid":{"rendered":"http:\/\/engie.cofely.waw.pl\/?page_id=1120"},"modified":"2024-06-10T12:44:18","modified_gmt":"2024-06-10T10:44:18","slug":"kontakty","status":"publish","type":"page","link":"https:\/\/engie-polska.pl\/en\/kontakty\/","title":{"rendered":"Contact us"},"content":{"rendered":"<p><\/p>\n<h2 class=\"kontakt\">Our\u00a0experts will answer your questions<\/h2>\n<p>&nbsp;<\/p>\n<table>\n<tbody>\n<tr>\n<td><\/td>\n<td style=\"vertical-align: top !important;\">\n<h3>Facility Management Services<\/h3>\n<p><strong>Miros\u0142aw Romanik<\/strong><br \/>\ntel: 22 615 70 74<br \/>\nemail:\u00a0<a href=\"mailto:miroslaw.romanik@engie.com\">miroslaw.romanik@engie.com<\/a><\/td>\n<\/tr>\n<tr>\n<td><\/td>\n<td style=\"vertical-align: top !important;\"><\/td>\n<\/tr>\n<tr>\n<td><\/td>\n<td style=\"vertical-align: top !important;\">\n<h3>Electrical Installations<\/h3>\n<p><strong>Piotr Janas<\/strong><br \/>\ntel: 32\u00a0231 32 94<br \/>\nemail:\u00a0<a href=\"mailto:piotr.janas@engie.com\">piotr.janas@engie.com<\/a><\/td>\n<\/tr>\n<tr>\n<td><\/td>\n<td style=\"vertical-align: top !important;\"><\/td>\n<\/tr>\n<tr style=\"vertical-align: top !important;\">\n<td><\/td>\n<td>\n<h3>Heat Supply<\/h3>\n<p><strong>Izabela Drza\u0142<\/strong><br \/>\ntel: 59 848 63 00<br \/>\nemail:\u00a0<a href=\"mailto:izabela.drzal@engie.com\">izabela.drzal@engie.com<\/a><\/td>\n<\/tr>\n<tr style=\"vertical-align: top !important;\">\n<td><\/td>\n<td>\n<h3>Renewable sources, Energy Sales<\/h3>\n<p><strong>Mateusz Madejski<\/strong><br \/>\ntel: 32 603 05 99<br \/>\nemail: <a href=\"mailto:Mateusz.Madejski@engie.com\">Mateusz.Madejski@engie.com<\/a><\/td>\n<\/tr>\n<tr style=\"vertical-align: top !important;\">\n<td><\/td>\n<td><\/td>\n<\/tr>\n<\/tbody>\n<\/table>\n<p>&nbsp;<\/p>","protected":false},"excerpt":{"rendered":"<p>Our\u00a0experts will answer your questions &nbsp; Facility Management Services Miros\u0142aw Romanik tel: 22 615 70 74 email:\u00a0miroslaw.romanik@engie.com Electrical Installations Piotr Janas tel: 32\u00a0231 32 94 email:\u00a0piotr.janas@engie.com Heat Supply Izabela Drza\u0142 tel: 59 848 63 00 email:\u00a0izabela.drzal@engie.com Renewable sources, Energy Sales Mateusz Madejski tel: 32 603 05 99 email: Mateusz.Madejski@engie.com &nbsp;<\/p>\n","protected":false},"author":1,"featured_media":0,"parent":0,"menu_order":0,"comment_status":"closed","ping_status":"closed","template":"","meta":[],"yoast_head":"<!-- This site is optimized with the Yoast SEO plugin v19.6.1 - https:\/\/yoast.com\/wordpress\/plugins\/seo\/ -->\n<title>Contact us - ENGIE Polska<\/title>\n<meta name=\"description\" content=\"(Polski) Nasi eksperci ch\u0119tnie odpowiedz\u0105 na Pa\u0144stwa pytania\" \/>\n<meta name=\"robots\" content=\"index, follow, max-snippet:-1, max-image-preview:large, max-video-preview:-1\" \/>\n<link rel=\"canonical\" href=\"https:\/\/engie-polska.pl\/kontakty\/\" \/>\n<meta property=\"og:locale\" content=\"en_US\" \/>\n<meta property=\"og:type\" content=\"article\" \/>\n<meta property=\"og:title\" content=\"Contact us - ENGIE Polska\" \/>\n<meta property=\"og:description\" content=\"{:pl}Nasi eksperci ch\u0119tnie odpowiedz\u0105 na Pa\u0144stwa pytania{:}\" \/>\n<meta property=\"og:url\" content=\"https:\/\/engie-polska.pl\/kontakty\/\" \/>\n<meta property=\"og:site_name\" content=\"ENGIE Polska\" \/>\n<meta property=\"article:modified_time\" content=\"2024-06-10T10:44:18+00:00\" \/>\n<meta name=\"twitter:card\" content=\"summary\" \/>\n<meta name=\"twitter:label1\" content=\"Est. reading time\" \/>\n\t<meta name=\"twitter:data1\" content=\"1 minute\" \/>\n<script type=\"application\/ld+json\" class=\"yoast-schema-graph\">{\"@context\":\"https:\/\/schema.org\",\"@graph\":[{\"@type\":\"WebPage\",\"@id\":\"https:\/\/engie-polska.pl\/kontakty\/\",\"url\":\"https:\/\/engie-polska.pl\/kontakty\/\",\"name\":\"Contact us - ENGIE Polska\",\"isPartOf\":{\"@id\":\"https:\/\/engie-polska.pl\/#website\"},\"datePublished\":\"2016-07-22T13:28:40+00:00\",\"dateModified\":\"2024-06-10T10:44:18+00:00\",\"description\":\"{:pl}Nasi eksperci ch\u0119tnie odpowiedz\u0105 na Pa\u0144stwa pytania{:}\",\"breadcrumb\":{\"@id\":\"https:\/\/engie-polska.pl\/kontakty\/#breadcrumb\"},\"inLanguage\":\"en-US\",\"potentialAction\":[{\"@type\":\"ReadAction\",\"target\":[\"https:\/\/engie-polska.pl\/kontakty\/\"]}]},{\"@type\":\"BreadcrumbList\",\"@id\":\"https:\/\/engie-polska.pl\/kontakty\/#breadcrumb\",\"itemListElement\":[{\"@type\":\"ListItem\",\"position\":1,\"name\":\"Strona g\u0142\u00f3wna\",\"item\":\"https:\/\/engie-polska.pl\/\"},{\"@type\":\"ListItem\",\"position\":2,\"name\":\"Skontaktuj si\u0119 z nami\"}]},{\"@type\":\"WebSite\",\"@id\":\"https:\/\/engie-polska.pl\/#website\",\"url\":\"https:\/\/engie-polska.pl\/\",\"name\":\"ENGIE Polska\",\"description\":\"ENGIE combines expertise in the field of energy efficiency, technical maintenance of facilities, design and construction and the production, transmission of energy and renewable energy.\",\"potentialAction\":[{\"@type\":\"SearchAction\",\"target\":{\"@type\":\"EntryPoint\",\"urlTemplate\":\"https:\/\/engie-polska.pl\/?s={search_term_string}\"},\"query-input\":\"required name=search_term_string\"}],\"inLanguage\":\"en-US\"}]}<\/script>\n<!-- \/ Yoast SEO plugin. -->","yoast_head_json":{"title":"Contact us - ENGIE Polska","description":"(Polski) Nasi eksperci ch\u0119tnie odpowiedz\u0105 na Pa\u0144stwa pytania","robots":{"index":"index","follow":"follow","max-snippet":"max-snippet:-1","max-image-preview":"max-image-preview:large","max-video-preview":"max-video-preview:-1"},"canonical":"https:\/\/engie-polska.pl\/kontakty\/","og_locale":"en_US","og_type":"article","og_title":"Contact us - ENGIE Polska","og_description":"{:pl}Nasi eksperci ch\u0119tnie odpowiedz\u0105 na Pa\u0144stwa pytania{:}","og_url":"https:\/\/engie-polska.pl\/kontakty\/","og_site_name":"ENGIE Polska","article_modified_time":"2024-06-10T10:44:18+00:00","twitter_card":"summary","twitter_misc":{"Est. reading time":"1 minute"},"schema":{"@context":"https:\/\/schema.org","@graph":[{"@type":"WebPage","@id":"https:\/\/engie-polska.pl\/kontakty\/","url":"https:\/\/engie-polska.pl\/kontakty\/","name":"Contact us - ENGIE Polska","isPartOf":{"@id":"https:\/\/engie-polska.pl\/#website"},"datePublished":"2016-07-22T13:28:40+00:00","dateModified":"2024-06-10T10:44:18+00:00","description":"{:pl}Nasi eksperci ch\u0119tnie odpowiedz\u0105 na Pa\u0144stwa pytania{:}","breadcrumb":{"@id":"https:\/\/engie-polska.pl\/kontakty\/#breadcrumb"},"inLanguage":"en-US","potentialAction":[{"@type":"ReadAction","target":["https:\/\/engie-polska.pl\/kontakty\/"]}]},{"@type":"BreadcrumbList","@id":"https:\/\/engie-polska.pl\/kontakty\/#breadcrumb","itemListElement":[{"@type":"ListItem","position":1,"name":"Strona g\u0142\u00f3wna","item":"https:\/\/engie-polska.pl\/"},{"@type":"ListItem","position":2,"name":"Skontaktuj si\u0119 z nami"}]},{"@type":"WebSite","@id":"https:\/\/engie-polska.pl\/#website","url":"https:\/\/engie-polska.pl\/","name":"ENGIE Polska","description":"ENGIE combines expertise in the field of energy efficiency, technical maintenance of facilities, design and construction and the production, transmission of energy and renewable energy.","potentialAction":[{"@type":"SearchAction","target":{"@type":"EntryPoint","urlTemplate":"https:\/\/engie-polska.pl\/?s={search_term_string}"},"query-input":"required name=search_term_string"}],"inLanguage":"en-US"}]}},"_links":{"self":[{"href":"https:\/\/engie-polska.pl\/en\/wp-json\/wp\/v2\/pages\/1120"}],"collection":[{"href":"https:\/\/engie-polska.pl\/en\/wp-json\/wp\/v2\/pages"}],"about":[{"href":"https:\/\/engie-polska.pl\/en\/wp-json\/wp\/v2\/types\/page"}],"author":[{"embeddable":true,"href":"https:\/\/engie-polska.pl\/en\/wp-json\/wp\/v2\/users\/1"}],"replies":[{"embeddable":true,"href":"https:\/\/engie-polska.pl\/en\/wp-json\/wp\/v2\/comments?post=1120"}],"version-history":[{"count":21,"href":"https:\/\/engie-polska.pl\/en\/wp-json\/wp\/v2\/pages\/1120\/revisions"}],"predecessor-version":[{"id":2814,"href":"https:\/\/engie-polska.pl\/en\/wp-json\/wp\/v2\/pages\/1120\/revisions\/2814"}],"wp:attachment":[{"href":"https:\/\/engie-polska.pl\/en\/wp-json\/wp\/v2\/media?parent=1120"}],"curies":[{"name":"wp","href":"https:\/\/api.w.org\/{rel}","templated":true}]}}